{"id":223,"date":"2025-08-13T21:22:17","date_gmt":"2025-08-13T21:22:17","guid":{"rendered":"https:\/\/italoperez.it\/?page_id=223"},"modified":"2025-08-13T21:39:47","modified_gmt":"2025-08-13T21:39:47","slug":"223-2","status":"publish","type":"page","link":"https:\/\/italoperez.it\/index.php\/223-2\/","title":{"rendered":"bio"},"content":{"rendered":"\n<div class=\"wp-block-cover alignfull is-light has-contrast-color has-text-color has-link-color wp-elements-83435b97b695113305f120e498a72111\" style=\"margin-top:0;margin-bottom:0;padding-top:var(--wp--preset--spacing--60);padding-right:var(--wp--preset--spacing--50);padding-bottom:var(--wp--preset--spacing--60);padding-left:var(--wp--preset--spacing--50)\"><span aria-hidden=\"true\" class=\"wp-block-cover__background has-base-background-color has-background-dim-100 has-background-dim\"><\/span><div class=\"wp-block-cover__inner-container has-global-padding is-layout-constrained wp-container-core-cover-is-layout-873ee6b1 wp-block-cover-is-layout-constrained\">\n<div class=\"wp-block-columns alignwide is-layout-flex wp-container-core-columns-is-layout-7ee84d44 wp-block-columns-is-layout-flex\">\n<div class=\"wp-block-column is-layout-flow wp-block-column-is-layout-flow\" style=\"flex-basis:65%\">\n<div class=\"wp-block-group is-vertical is-content-justification-stretch is-layout-flex wp-container-core-group-is-layout-353c4f5a wp-block-group-is-layout-flex\">\n<p class=\"is-style-text-subtitle is-style-text-subtitle--1\">Italo Perez<br>Dj, stilista e creativo visionario, nato e cresciuto nel cuore pulsante della Puglia, affinando la sua anima musicale tra le consolle delle discoteche pi\u00f9 rinomate della regione. La sua ricerca sonora \u00e8 un viaggio costante, un intreccio di qualit\u00e0, sperimentazione e passione pura.<\/p>\n\n\n\n<p class=\"is-style-text-subtitle is-style-text-subtitle--2\">Nel 2000 firma <strong>Melody of Samba<\/strong>, un raffinato incontro tra house e bossa brasiliana che conquista il cuore di grandi maestri. Tra questi, <strong>Tony Humphries<\/strong>, leggenda della musica, che dopo aver ascoltato la traccia \u2014 inizialmente pubblicata dall\u2019etichetta italiana <strong>Votu Records <\/strong>di Costantino Padovano \u2014 decide di acquisirne i diritti e portarla in America, pubblicandola sulla sua prestigiosa label <strong>Yellorange<\/strong>, meta ambita da dj e producer di tutto il mondo<strong>.<\/strong><\/p>\n\n\n\n<p class=\"is-style-text-subtitle is-style-text-subtitle--3\">Da l\u00ec, le onde sonore di Perez attraversano oceani e continenti: <strong>Miami, Los Angeles, Londra, Ibiza\u2026 <\/strong>suonando nei club pi\u00f9 iconici e condividendo la consolle con i migliori dj del pianeta<strong>.<\/strong><\/p>\n\n\n\n<p class=\"is-style-text-subtitle is-style-text-subtitle--4\">Oggi Perez continua a intrecciare collaborazioni con etichette di rilievo e locali di fama internazionale, mantenendo viva la sua presenza nei migliori club pugliesi e all\u2019estero. Ibiza \u2014 crocevia di incontri e ispirazioni \u2014 resta uno dei luoghi simbolo del suo percorso, dove ogni set diventa un capitolo di crescita artistica.<\/p>\n\n\n\n<p class=\"is-style-text-subtitle is-style-text-subtitle--5\">Creatore di format unici come <strong>Pelled\u2019oca<\/strong> e <strong>Therapy<\/strong>, che dalla Puglia a Ibiza stanno riscuotendo grande successo, Italo Perez si muove oggi tra sonorit\u00e0 afro e melodiche, con lo sguardo sempre rivolto alle nuove evoluzioni della musica, dove ogni battito \u00e8 un\u2019emozione e ogni notte una storia da raccontare.<\/p>\n<\/div>\n<\/div>\n<\/div>\n<\/div><\/div>\n\n\n\n<style>\n  .komi-style-buttons {\n    display: flex;\n    flex-wrap: wrap;\n    justify-content: center;\n    gap: 16px;\n    padding: 20px 0;\n\n  }\n\n  .komi-style-buttons .button {\n    background-color: #fff;\n    color: #000000;\n    padding: 14px 28px;\n    border-radius: 30px;\n    border: 1px solid #000000;\n    text-decoration: none;\n    font-weight: bold;\n    font-size: 16px;\n    transition: background-color 0.3s ease;\n    text-align: center;\n    min-width: 120px;\n  }\n\n  .komi-style-buttons .button:hover {\n    background-color: #888;\n  }\n\n  @media (max-width: 600px) {\n    .komi-style-buttons {\n      flex-direction: column;\n      align-items: center;\n    }\n\n    .komi-style-buttons .button {\n      width: 100%;\n      max-width: 300px;\n    }\n  }\n<\/style>\n\n<div class=\"komi-style-buttons\">\n  <a href=\"https:\/\/italoperez.it\/\" class=\"button\">< torna indietro<\/a>\n<\/div>\n","protected":false},"excerpt":{"rendered":"<p>< torna indietro\n<\/p>\n","protected":false},"author":1,"featured_media":0,"parent":0,"menu_order":0,"comment_status":"closed","ping_status":"closed","template":"","meta":{"footnotes":""},"class_list":["post-223","page","type-page","status-publish","hentry"],"_links":{"self":[{"href":"https:\/\/italoperez.it\/index.php\/wp-json\/wp\/v2\/pages\/223","targetHints":{"allow":["GET"]}}],"collection":[{"href":"https:\/\/italoperez.it\/index.php\/wp-json\/wp\/v2\/pages"}],"about":[{"href":"https:\/\/italoperez.it\/index.php\/wp-json\/wp\/v2\/types\/page"}],"author":[{"embeddable":true,"href":"https:\/\/italoperez.it\/index.php\/wp-json\/wp\/v2\/users\/1"}],"replies":[{"embeddable":true,"href":"https:\/\/italoperez.it\/index.php\/wp-json\/wp\/v2\/comments?post=223"}],"version-history":[{"count":11,"href":"https:\/\/italoperez.it\/index.php\/wp-json\/wp\/v2\/pages\/223\/revisions"}],"predecessor-version":[{"id":239,"href":"https:\/\/italoperez.it\/index.php\/wp-json\/wp\/v2\/pages\/223\/revisions\/239"}],"wp:attachment":[{"href":"https:\/\/italoperez.it\/index.php\/wp-json\/wp\/v2\/media?parent=223"}],"curies":[{"name":"wp","href":"https:\/\/api.w.org\/{rel}","templated":true}]}}